{"id":1581,"date":"2024-01-24T09:37:15","date_gmt":"2024-01-24T08:37:15","guid":{"rendered":"https:\/\/www.kaora.cz\/contatto\/"},"modified":"2024-03-17T20:07:14","modified_gmt":"2024-03-17T19:07:14","slug":"contatto","status":"publish","type":"page","link":"https:\/\/www.kaora.cz\/it\/contatto\/","title":{"rendered":"Contatto"},"content":{"rendered":"<p>[et_pb_section fb_built=&#8221;1&#8243; custom_padding_last_edited=&#8221;on|tablet&#8221; _builder_version=&#8221;4.24.0&#8243; _module_preset=&#8221;default&#8221; custom_padding=&#8221;18vh||10vh||false|false&#8221; custom_padding_tablet=&#8221;12.5vh||||false|false&#8221; custom_padding_phone=&#8221;12.5vh||||false|false&#8221; global_colors_info=&#8221;{}&#8221;][et_pb_row _builder_version=&#8221;4.24.0&#8243; _module_preset=&#8221;default&#8221; width=&#8221;85%&#8221; custom_margin=&#8221;||5vh||false|false&#8221; custom_padding=&#8221;0px||0px||false|false&#8221; global_colors_info=&#8221;{}&#8221;][et_pb_column type=&#8221;4_4&#8243; _builder_version=&#8221;4.23.2&#8243; _module_preset=&#8221;default&#8221; global_colors_info=&#8221;{}&#8221;][et_pb_text module_id=&#8221;stitek&#8221; _builder_version=&#8221;4.24.0&#8243; _module_preset=&#8221;default&#8221; custom_margin=&#8221;||2vh||false|false&#8221; global_colors_info=&#8221;{}&#8221;]<\/p>\n<p>Contatto<\/p>\n<p>[\/et_pb_text][et_pb_text module_id=&#8221;nadpis&#8221; _builder_version=&#8221;4.24.2&#8243; _module_preset=&#8221;default&#8221; text_font=&#8221;|600|||||||&#8221; text_font_size=&#8221;42px&#8221; text_letter_spacing=&#8221;-0.5px&#8221; text_line_height=&#8221;1.2em&#8221; text_orientation=&#8221;center&#8221; width=&#8221;1000px&#8221; width_tablet=&#8221;100%&#8221; width_phone=&#8221;100%&#8221; width_last_edited=&#8221;on|tablet&#8221; module_alignment=&#8221;center&#8221; hover_enabled=&#8221;0&#8243; text_font_size_tablet=&#8221;22px&#8221; text_font_size_phone=&#8221;32px&#8221; text_font_size_last_edited=&#8221;on|tablet&#8221; header_2_font_size_tablet=&#8221;20px&#8221; header_2_font_size_phone=&#8221;20px&#8221; header_2_font_size_last_edited=&#8221;on|phone&#8221; global_colors_info=&#8221;{}&#8221; sticky_enabled=&#8221;0&#8243;]<\/p>\n<h2>Saremo lieti di organizzare un incontro personale con voi <span>e discuteremo delle tue esigenze, in nostro ufficio.<\/span><\/h2>\n<p>[\/et_pb_text][\/et_pb_column][\/et_pb_row][et_pb_row column_structure=&#8221;1_3,1_3,1_3&#8243; disabled_on=&#8221;on|on|off&#8221; _builder_version=&#8221;4.24.0&#8243; _module_preset=&#8221;default&#8221; width=&#8221;85%&#8221; max_width=&#8221;750px&#8221; custom_margin=&#8221;|auto|7vh|auto|false|false&#8221; custom_padding=&#8221;0px||0px||false|false&#8221; global_colors_info=&#8221;{}&#8221;][et_pb_column type=&#8221;1_3&#8243; _builder_version=&#8221;4.24.0&#8243; _module_preset=&#8221;default&#8221; global_colors_info=&#8221;{}&#8221;][et_pb_blurb title=&#8221;Ufficio&#8221; icon_placement=&#8221;left&#8221; image_icon_width=&#8221;50px&#8221; _builder_version=&#8221;4.24.0&#8243; _module_preset=&#8221;default&#8221; header_font=&#8221;|600|||||||&#8221; header_font_size=&#8221;20px&#8221; header_letter_spacing=&#8221;-0.25px&#8221; header_line_height=&#8221;1.2em&#8221; body_font_size=&#8221;15px&#8221; body_link_text_color=&#8221;#010ED0&#8243; text_orientation=&#8221;center&#8221; custom_css_blurb_content=&#8221;font-weight:400;&#8221; global_colors_info=&#8221;{}&#8221; body_link_text_color__hover_enabled=&#8221;on|hover&#8221; body_link_text_color__hover=&#8221;#151515&#8243;]<\/p>\n<p><a href=\"tel:+420775425024\"><span>+420 775 425 024<\/span><\/a><br \/><a href=\"mailto:info@kaora.cz\">info@kaora.cz<\/a><\/p>\n<p>[\/et_pb_blurb][\/et_pb_column][et_pb_column type=&#8221;1_3&#8243; _builder_version=&#8221;4.24.0&#8243; _module_preset=&#8221;default&#8221; global_colors_info=&#8221;{}&#8221;][et_pb_blurb title=&#8221;Dipartimento Vendite&#8221; icon_placement=&#8221;left&#8221; image_icon_width=&#8221;50px&#8221; _builder_version=&#8221;4.24.0&#8243; _module_preset=&#8221;default&#8221; header_font=&#8221;|600|||||||&#8221; header_font_size=&#8221;20px&#8221; header_letter_spacing=&#8221;-0.25px&#8221; header_line_height=&#8221;1.2em&#8221; body_font_size=&#8221;15px&#8221; body_link_text_color=&#8221;#010ED0&#8243; text_orientation=&#8221;center&#8221; custom_css_blurb_content=&#8221;font-weight:400;&#8221; global_colors_info=&#8221;{}&#8221; body_link_text_color__hover_enabled=&#8221;on|hover&#8221; body_link_text_color__hover=&#8221;#151515&#8243;]<\/p>\n<p><a href=\"tel:605266667\"><span>+420 605 266 667<\/span><\/a><br \/><a href=\"mailto:sales@kaora.cz\">sales@kaora.cz<\/a><\/p>\n<p>[\/et_pb_blurb][\/et_pb_column][et_pb_column type=&#8221;1_3&#8243; _builder_version=&#8221;4.24.0&#8243; _module_preset=&#8221;default&#8221; global_colors_info=&#8221;{}&#8221;][et_pb_blurb title=&#8221;Fatturazione&#8221; icon_placement=&#8221;left&#8221; image_icon_width=&#8221;50px&#8221; _builder_version=&#8221;4.24.0&#8243; _module_preset=&#8221;default&#8221; header_font=&#8221;|600|||||||&#8221; header_font_size=&#8221;20px&#8221; header_letter_spacing=&#8221;-0.25px&#8221; header_line_height=&#8221;1.2em&#8221; body_font_size=&#8221;15px&#8221; body_link_text_color=&#8221;#010ED0&#8243; text_orientation=&#8221;center&#8221; custom_css_blurb_content=&#8221;font-weight:400;&#8221; global_colors_info=&#8221;{}&#8221; body_link_text_color__hover_enabled=&#8221;on|hover&#8221; body_link_text_color__hover=&#8221;#151515&#8243;]<\/p>\n<p><a href=\"mailto:faktury@kaora.cz\">faktury@kaora.cz<\/a><\/p>\n<p>[\/et_pb_blurb][\/et_pb_column][\/et_pb_row][et_pb_row disabled_on=&#8221;off|off|on&#8221; _builder_version=&#8221;4.24.0&#8243; _module_preset=&#8221;default&#8221; width=&#8221;85%&#8221; custom_margin=&#8221;||3vh||false|false&#8221; custom_padding=&#8221;0px||0px||false|false&#8221; global_colors_info=&#8221;{}&#8221;][et_pb_column type=&#8221;4_4&#8243; _builder_version=&#8221;4.24.0&#8243; _module_preset=&#8221;default&#8221; global_colors_info=&#8221;{}&#8221;][et_pb_tabs active_tab_background_color=&#8221;#FFFFFF&#8221; inactive_tab_background_color=&#8221;#FFFFFF&#8221; active_tab_text_color=&#8221;#151515&#8243; _builder_version=&#8221;4.24.0&#8243; _module_preset=&#8221;default&#8221; tab_text_color=&#8221;rgba(21,21,21,0.5)&#8221; body_text_align=&#8221;center&#8221; body_text_color=&#8221;#010ED0&#8243; body_font_size=&#8221;18px&#8221; body_letter_spacing=&#8221;-0.25px&#8221; body_line_height=&#8221;1.6em&#8221; tab_font=&#8221;|600||on|||||&#8221; tab_font_size=&#8221;11px&#8221; tab_letter_spacing=&#8221;0.75px&#8221; body_link_text_color=&#8221;#010ED0&#8243; body_link_font_size=&#8221;15px&#8221; custom_css_tab=&#8221;width:33.3%;||border:0px;||border-bottom:1px solid rgba(1,14,208,0.05);||text-align:center;||float:left;||display:flex;&#8221; custom_css_active_tab=&#8221;border-bottom:1px solid #010ed0;||&#8221; custom_css_tabs_content=&#8221;font-weight:400;&#8221; border_width_all=&#8221;0px&#8221; global_colors_info=&#8221;{}&#8221;][et_pb_tab title=&#8221;Ufficio&#8221; _builder_version=&#8221;4.24.0&#8243; _module_preset=&#8221;default&#8221; global_colors_info=&#8221;{}&#8221;]<\/p>\n<p><a href=\"tel:+420775425024\"><span>+420 775 425 024<\/span><\/a><br \/><a href=\"mailto:info@kaora.cz\">info@kaora.cz<\/a><\/p>\n<p>[\/et_pb_tab][et_pb_tab title=&#8221;Vendite&#8221; _builder_version=&#8221;4.24.0&#8243; _module_preset=&#8221;default&#8221; global_colors_info=&#8221;{}&#8221;]<\/p>\n<p><a href=\"tel:605266667\"><span>+420 605 266 667<\/span><\/a><br \/><a href=\"mailto:sales@kaora.cz\">sales@kaora.cz<\/a><\/p>\n<p>[\/et_pb_tab][et_pb_tab title=&#8221;Fatturazione&#8221; _builder_version=&#8221;4.24.0&#8243; _module_preset=&#8221;default&#8221; global_colors_info=&#8221;{}&#8221;]<\/p>\n<p><a href=\"mailto:faktury@kaora.cz\">faktury@kaora.cz<\/a><\/p>\n<p>[\/et_pb_tab][\/et_pb_tabs][\/et_pb_column][\/et_pb_row][et_pb_row column_structure=&#8221;1_3,2_3&#8243; use_custom_gutter=&#8221;on&#8221; gutter_width=&#8221;1&#8243; make_equal=&#8221;on&#8221; module_id=&#8221;vyrovnatstredy&#8221; _builder_version=&#8221;4.24.2&#8243; _module_preset=&#8221;default&#8221; background_color=&#8221;#f8f8f8&#8243; width=&#8221;85%&#8221; custom_margin=&#8221;||5vh||false|false&#8221; custom_padding=&#8221;0px||0px||false|false&#8221; scroll_scaling=&#8221;0|50|50|100|95%|100|100&#8243; border_radii=&#8221;on|30px|30px|30px|30px&#8221; global_colors_info=&#8221;{}&#8221; custom_css_main_element_last_edited=&#8221;on|tablet&#8221; custom_css_main_element_tablet=&#8221;flex-direction:column-reverse;&#8221; custom_css_main_element_phone=&#8221;flex-direction:column-reverse;&#8221;][et_pb_column type=&#8221;1_3&#8243; _builder_version=&#8221;4.24.0&#8243; _module_preset=&#8221;default&#8221; custom_padding_tablet=&#8221;5vh||3vh||false|false&#8221; custom_padding_phone=&#8221;5vh||3vh||false|false&#8221; custom_padding_last_edited=&#8221;on|tablet&#8221; global_colors_info=&#8221;{}&#8221;][et_pb_text _builder_version=&#8221;4.24.0&#8243; _module_preset=&#8221;default&#8221; text_text_color=&#8221;#020049&#8243; text_font_size=&#8221;16px&#8221; text_letter_spacing=&#8221;0.25px&#8221; text_line_height=&#8221;1.6em&#8221; header_font=&#8221;|700|||||||&#8221; header_text_color=&#8221;#020049&#8243; header_font_size=&#8221;26px&#8221; header_letter_spacing=&#8221;0.25px&#8221; header_line_height=&#8221;1.6em&#8221; positioning=&#8221;absolute&#8221; position_origin_a=&#8221;center_center&#8221; position_origin_a_tablet=&#8221;center_center&#8221; position_origin_a_phone=&#8221;center_center&#8221; position_origin_a_last_edited=&#8221;on|desktop&#8221; position_origin_f_tablet=&#8221;&#8221; position_origin_f_phone=&#8221;&#8221; position_origin_f_last_edited=&#8221;on|desktop&#8221; position_origin_r_tablet=&#8221;&#8221; position_origin_r_phone=&#8221;&#8221; position_origin_r_last_edited=&#8221;on|desktop&#8221; width=&#8221;100%&#8221; custom_margin=&#8221;||2vh||false|false&#8221; text_font_size_tablet=&#8221;14px&#8221; text_font_size_phone=&#8221;14px&#8221; text_font_size_last_edited=&#8221;on|tablet&#8221; header_font_size_tablet=&#8221;22px&#8221; header_font_size_phone=&#8221;22px&#8221; header_font_size_last_edited=&#8221;on|tablet&#8221; positioning_tablet=&#8221;relative&#8221; positioning_phone=&#8221;relative&#8221; positioning_last_edited=&#8221;on|tablet&#8221; text_orientation_tablet=&#8221;center&#8221; text_orientation_phone=&#8221;center&#8221; text_orientation_last_edited=&#8221;on|tablet&#8221; custom_css_main_element=&#8221;font-weight:400;||width:fit-content;&#8221; global_colors_info=&#8221;{}&#8221; custom_css_main_element_last_edited=&#8221;on|tablet&#8221; custom_css_main_element_tablet=&#8221;font-weight:400;&#8221; custom_css_main_element_phone=&#8221;font-weight:400;&#8221;]<\/p>\n<h1><span>Kaora s.r.o.<\/span><\/h1>\n<p><span>Gol\u010dova 486<\/span><br \/><span>Praha 4 \u2013 Kunratice<\/span><br \/><span>148 00<\/span><\/p>\n<p><span>I\u010c: 07001410<br \/>DI\u010c: CZ07001410<\/span><\/p>\n<p>[\/et_pb_text][\/et_pb_column][et_pb_column type=&#8221;2_3&#8243; _builder_version=&#8221;4.24.0&#8243; _module_preset=&#8221;default&#8221; global_colors_info=&#8221;{}&#8221;][et_pb_code _builder_version=&#8221;4.24.0&#8243; _module_preset=&#8221;default&#8221; global_colors_info=&#8221;{}&#8221;]<iframe src=\"https:\/\/www.google.com\/maps\/embed?pb=!1m18!1m12!1m3!1d2563.925603823181!2d14.480726077541753!3d50.012749618781235!2m3!1f0!2f0!3f0!3m2!1i1024!2i768!4f13.1!3m3!1m2!1s0x470b918254d8fc11%3A0x376ce2e2c7489bbf!2sGol%C4%8Dova%20486%2F34%2C%20148%2000%20Praha-Kunratice!5e0!3m2!1sen!2scz!4v1706641340250!5m2!1sen!2scz\" width=\"100%\" height=\"425\" style=\"border:0;\" allowfullscreen=\"\" loading=\"lazy\" referrerpolicy=\"no-referrer-when-downgrade\"><\/iframe>[\/et_pb_code][\/et_pb_column][\/et_pb_row][et_pb_row use_custom_gutter=&#8221;on&#8221; gutter_width=&#8221;4&#8243; custom_padding_last_edited=&#8221;on|tablet&#8221; _builder_version=&#8221;4.24.0&#8243; _module_preset=&#8221;default&#8221; background_color=&#8221;#010ED0&#8243; width=&#8221;85%&#8221; custom_padding=&#8221;8vh|5%|8vh|5%|true|true&#8221; custom_padding_tablet=&#8221;|8%||8%|true|true&#8221; custom_padding_phone=&#8221;|8%||8%|true|true&#8221; border_radii=&#8221;on|30px|30px|30px|30px&#8221; saved_tabs=&#8221;all&#8221; global_colors_info=&#8221;{}&#8221;][et_pb_column type=&#8221;4_4&#8243; _builder_version=&#8221;4.23.2&#8243; _module_preset=&#8221;default&#8221; global_colors_info=&#8221;{}&#8221;][et_pb_text _builder_version=&#8221;4.24.2&#8243; _module_preset=&#8221;default&#8221; text_font=&#8221;|600|||||||&#8221; text_text_color=&#8221;#FFFFFF&#8221; text_font_size=&#8221;46px&#8221; text_line_height=&#8221;1.2em&#8221; text_orientation=&#8221;center&#8221; custom_margin=&#8221;||25px||false|false&#8221; text_font_size_tablet=&#8221;36px&#8221; text_font_size_phone=&#8221;&#8221; text_font_size_last_edited=&#8221;on|tablet&#8221; global_colors_info=&#8221;{}&#8221;]<\/p>\n<p>Lasciateci i vostri dati di contatto<\/p>\n<p>[\/et_pb_text][et_pb_text _builder_version=&#8221;4.24.2&#8243; _module_preset=&#8221;default&#8221; text_font=&#8221;||||||||&#8221; text_text_color=&#8221;rgba(255,255,255,0.65)&#8221; text_font_size=&#8221;22px&#8221; text_letter_spacing=&#8221;0.25px&#8221; text_line_height=&#8221;1.4em&#8221; text_orientation=&#8221;center&#8221; custom_margin=&#8221;||5vh||false|false&#8221; text_font_size_tablet=&#8221;18px&#8221; text_font_size_phone=&#8221;&#8221; text_font_size_last_edited=&#8221;on|tablet&#8221; custom_css_main_element=&#8221;font-weight:400;&#8221; global_colors_info=&#8221;{}&#8221;]<\/p>\n<p><span>Grazie e vi risponderemo al pi\u00f9 presto.<\/span><\/p>\n<p>[\/et_pb_text][et_pb_contact_form _builder_version=&#8221;4.24.2&#8243; _module_preset=&#8221;default&#8221; _unique_id=&#8221;3139674b-6702-4d1b-b334-08101ff4c1fb&#8221; form_field_background_color=&#8221;#FFFFFF&#8221; form_field_focus_text_color=&#8221;#151515&#8243; custom_button=&#8221;on&#8221; button_text_size=&#8221;14px&#8221; button_text_color=&#8221;#FFFFFF&#8221; button_border_width=&#8221;1px&#8221; button_border_radius=&#8221;30px&#8221; button_letter_spacing=&#8221;1px&#8221; button_font=&#8221;|||on|||||&#8221; custom_padding=&#8221;0px||||false|false&#8221; custom_css_contact_button=&#8221;padding:10px 25px 10px 25px!important;&#8221; custom_css_contact_fields=&#8221;width:&#8221; border_radii=&#8221;on|7px|7px|7px|7px&#8221; global_colors_info=&#8221;{%22gcid-53dd478c-b373-47d2-90be-57e258e6cc36%22:%91%22button_text_color__hover%22%93}&#8221; button_text_color__hover_enabled=&#8221;on|hover&#8221; button_bg_color__hover_enabled=&#8221;on|hover&#8221; button_bg_color__hover=&#8221;#FFFFFF&#8221; button_bg_enable_color__hover=&#8221;on&#8221; button_text_color__hover=&#8221;#010ed0&#8243; custom_css_contact_button__hover_enabled=&#8221;on|hover&#8221; custom_css_contact_button__hover=&#8221;padding:10px 35px 10px 25px!important;&#8221;][et_pb_contact_field field_id=&#8221;Name&#8221; field_title=&#8221;Nome&#8221; _builder_version=&#8221;4.16&#8243; global_colors_info=&#8221;{}&#8221; button_text_size__hover_enabled=&#8221;off&#8221; button_one_text_size__hover_enabled=&#8221;off&#8221; button_two_text_size__hover_enabled=&#8221;off&#8221; button_text_color__hover_enabled=&#8221;off&#8221; button_one_text_color__hover_enabled=&#8221;off&#8221; button_two_text_color__hover_enabled=&#8221;off&#8221; button_border_width__hover_enabled=&#8221;off&#8221; button_one_border_width__hover_enabled=&#8221;off&#8221; button_two_border_width__hover_enabled=&#8221;off&#8221; button_border_color__hover_enabled=&#8221;off&#8221; button_one_border_color__hover_enabled=&#8221;off&#8221; button_two_border_color__hover_enabled=&#8221;off&#8221; button_border_radius__hover_enabled=&#8221;off&#8221; button_one_border_radius__hover_enabled=&#8221;off&#8221; button_two_border_radius__hover_enabled=&#8221;off&#8221; button_letter_spacing__hover_enabled=&#8221;off&#8221; button_one_letter_spacing__hover_enabled=&#8221;off&#8221; button_two_letter_spacing__hover_enabled=&#8221;off&#8221; button_bg_color__hover_enabled=&#8221;off&#8221; button_one_bg_color__hover_enabled=&#8221;off&#8221; button_two_bg_color__hover_enabled=&#8221;off&#8221;][\/et_pb_contact_field][et_pb_contact_field field_id=&#8221;Email&#8221; field_title=&#8221;Indirizzo e-mail&#8221; field_type=&#8221;email&#8221; _builder_version=&#8221;4.24.2&#8243; global_colors_info=&#8221;{}&#8221; button_text_size__hover_enabled=&#8221;off&#8221; button_one_text_size__hover_enabled=&#8221;off&#8221; button_two_text_size__hover_enabled=&#8221;off&#8221; button_text_color__hover_enabled=&#8221;off&#8221; button_one_text_color__hover_enabled=&#8221;off&#8221; button_two_text_color__hover_enabled=&#8221;off&#8221; button_border_width__hover_enabled=&#8221;off&#8221; button_one_border_width__hover_enabled=&#8221;off&#8221; button_two_border_width__hover_enabled=&#8221;off&#8221; button_border_color__hover_enabled=&#8221;off&#8221; button_one_border_color__hover_enabled=&#8221;off&#8221; button_two_border_color__hover_enabled=&#8221;off&#8221; button_border_radius__hover_enabled=&#8221;off&#8221; button_one_border_radius__hover_enabled=&#8221;off&#8221; button_two_border_radius__hover_enabled=&#8221;off&#8221; button_letter_spacing__hover_enabled=&#8221;off&#8221; button_one_letter_spacing__hover_enabled=&#8221;off&#8221; button_two_letter_spacing__hover_enabled=&#8221;off&#8221; button_bg_color__hover_enabled=&#8221;off&#8221; button_one_bg_color__hover_enabled=&#8221;off&#8221; button_two_bg_color__hover_enabled=&#8221;off&#8221;][\/et_pb_contact_field][et_pb_contact_field field_id=&#8221;Telefon&#8221; field_title=&#8221;Numero di telefono&#8221; _builder_version=&#8221;4.24.2&#8243; global_colors_info=&#8221;{}&#8221; button_text_size__hover_enabled=&#8221;off&#8221; button_one_text_size__hover_enabled=&#8221;off&#8221; button_two_text_size__hover_enabled=&#8221;off&#8221; button_text_color__hover_enabled=&#8221;off&#8221; button_one_text_color__hover_enabled=&#8221;off&#8221; button_two_text_color__hover_enabled=&#8221;off&#8221; button_border_width__hover_enabled=&#8221;off&#8221; button_one_border_width__hover_enabled=&#8221;off&#8221; button_two_border_width__hover_enabled=&#8221;off&#8221; button_border_color__hover_enabled=&#8221;off&#8221; button_one_border_color__hover_enabled=&#8221;off&#8221; button_two_border_color__hover_enabled=&#8221;off&#8221; button_border_radius__hover_enabled=&#8221;off&#8221; button_one_border_radius__hover_enabled=&#8221;off&#8221; button_two_border_radius__hover_enabled=&#8221;off&#8221; button_letter_spacing__hover_enabled=&#8221;off&#8221; button_one_letter_spacing__hover_enabled=&#8221;off&#8221; button_two_letter_spacing__hover_enabled=&#8221;off&#8221; button_bg_color__hover_enabled=&#8221;off&#8221; button_one_bg_color__hover_enabled=&#8221;off&#8221; button_two_bg_color__hover_enabled=&#8221;off&#8221;][\/et_pb_contact_field][\/et_pb_contact_form][\/et_pb_column][\/et_pb_row][\/et_pb_section]<\/p>\n","protected":false},"excerpt":{"rendered":"<p>ContattoSaremo lieti di organizzare un incontro personale con voi e discuteremo delle tue esigenze, in nostro ufficio.+420 775 425 024info@kaora.cz+420 605 266 667sales@kaora.czfaktury@kaora.cz+420 775 425 024info@kaora.cz+420 605 266 667sales@kaora.czfaktury@kaora.czKaora s.r.o. Gol\u010dova 486Praha 4 \u2013 Kunratice148 00 I\u010c: 07001410DI\u010c: CZ07001410Lasciateci i vostri dati di contattoGrazie e vi risponderemo al pi\u00f9 presto.<\/p>\n","protected":false},"author":1,"featured_media":0,"parent":0,"menu_order":0,"comment_status":"closed","ping_status":"closed","template":"","meta":{"_et_pb_use_builder":"on","_et_pb_old_content":"","_et_gb_content_width":"","inline_featured_image":false,"footnotes":""},"class_list":["post-1581","page","type-page","status-publish","hentry"],"yoast_head":"<!-- This site is optimized with the Yoast SEO plugin v27.4 - https:\/\/yoast.com\/product\/yoast-seo-wordpress\/ -->\n<title>Contatto - KAORA<\/title>\n<meta name=\"description\" content=\"Come Kaora, abbiamo anni di esperienza nei servizi di telecomunicazione, cloud, networking e cybersecurity.\" \/>\n<meta name=\"robots\" content=\"index, follow, max-snippet:-1, max-image-preview:large, max-video-preview:-1\" \/>\n<link rel=\"canonical\" href=\"https:\/\/www.kaora.cz\/it\/contatto\/\" \/>\n<meta property=\"og:locale\" content=\"it_IT\" \/>\n<meta property=\"og:type\" content=\"article\" \/>\n<meta property=\"og:title\" content=\"Contatto - KAORA\" \/>\n<meta property=\"og:description\" content=\"Come Kaora, abbiamo anni di esperienza nei servizi di telecomunicazione, cloud, networking e cybersecurity.\" \/>\n<meta property=\"og:url\" content=\"https:\/\/www.kaora.cz\/it\/contatto\/\" \/>\n<meta property=\"og:site_name\" content=\"Kaora\" \/>\n<meta property=\"article:modified_time\" content=\"2024-03-17T19:07:14+00:00\" \/>\n<meta name=\"twitter:card\" content=\"summary_large_image\" \/>\n<meta name=\"twitter:label1\" content=\"Tempo di lettura stimato\" \/>\n\t<meta name=\"twitter:data1\" content=\"9 minuti\" \/>\n<script type=\"application\/ld+json\" class=\"yoast-schema-graph\">{\"@context\":\"https:\\\/\\\/schema.org\",\"@graph\":[{\"@type\":\"WebPage\",\"@id\":\"https:\\\/\\\/www.kaora.cz\\\/it\\\/contatto\\\/\",\"url\":\"https:\\\/\\\/www.kaora.cz\\\/it\\\/contatto\\\/\",\"name\":\"Contatto - KAORA\",\"isPartOf\":{\"@id\":\"https:\\\/\\\/www.kaora.cz\\\/#website\"},\"datePublished\":\"2024-01-24T08:37:15+00:00\",\"dateModified\":\"2024-03-17T19:07:14+00:00\",\"description\":\"Come Kaora, abbiamo anni di esperienza nei servizi di telecomunicazione, cloud, networking e cybersecurity.\",\"breadcrumb\":{\"@id\":\"https:\\\/\\\/www.kaora.cz\\\/it\\\/contatto\\\/#breadcrumb\"},\"inLanguage\":\"it-IT\",\"potentialAction\":[{\"@type\":\"ReadAction\",\"target\":[\"https:\\\/\\\/www.kaora.cz\\\/it\\\/contatto\\\/\"]}]},{\"@type\":\"BreadcrumbList\",\"@id\":\"https:\\\/\\\/www.kaora.cz\\\/it\\\/contatto\\\/#breadcrumb\",\"itemListElement\":[{\"@type\":\"ListItem\",\"position\":1,\"name\":\"Dom\u016f\",\"item\":\"https:\\\/\\\/www.kaora.cz\\\/\"},{\"@type\":\"ListItem\",\"position\":2,\"name\":\"Contatto\"}]},{\"@type\":\"WebSite\",\"@id\":\"https:\\\/\\\/www.kaora.cz\\\/#website\",\"url\":\"https:\\\/\\\/www.kaora.cz\\\/\",\"name\":\"Kaora\",\"description\":\"Komplexn\u00ed telekomunika\u010dn\u00ed slu\u017eby\",\"publisher\":{\"@id\":\"https:\\\/\\\/www.kaora.cz\\\/#organization\"},\"potentialAction\":[{\"@type\":\"SearchAction\",\"target\":{\"@type\":\"EntryPoint\",\"urlTemplate\":\"https:\\\/\\\/www.kaora.cz\\\/?s={search_term_string}\"},\"query-input\":{\"@type\":\"PropertyValueSpecification\",\"valueRequired\":true,\"valueName\":\"search_term_string\"}}],\"inLanguage\":\"it-IT\"},{\"@type\":\"Organization\",\"@id\":\"https:\\\/\\\/www.kaora.cz\\\/#organization\",\"name\":\"Kaora s.r.o.\",\"url\":\"https:\\\/\\\/www.kaora.cz\\\/\",\"logo\":{\"@type\":\"ImageObject\",\"inLanguage\":\"it-IT\",\"@id\":\"https:\\\/\\\/www.kaora.cz\\\/#\\\/schema\\\/logo\\\/image\\\/\",\"url\":\"https:\\\/\\\/www.kaora.cz\\\/wp-content\\\/uploads\\\/2023\\\/12\\\/kaora-logo-bila.svg\",\"contentUrl\":\"https:\\\/\\\/www.kaora.cz\\\/wp-content\\\/uploads\\\/2023\\\/12\\\/kaora-logo-bila.svg\",\"width\":\"1024\",\"height\":\"1024\",\"caption\":\"Kaora s.r.o.\"},\"image\":{\"@id\":\"https:\\\/\\\/www.kaora.cz\\\/#\\\/schema\\\/logo\\\/image\\\/\"}}]}<\/script>\n<!-- \/ Yoast SEO plugin. -->","yoast_head_json":{"title":"Contatto - KAORA","description":"Come Kaora, abbiamo anni di esperienza nei servizi di telecomunicazione, cloud, networking e cybersecurity.","robots":{"index":"index","follow":"follow","max-snippet":"max-snippet:-1","max-image-preview":"max-image-preview:large","max-video-preview":"max-video-preview:-1"},"canonical":"https:\/\/www.kaora.cz\/it\/contatto\/","og_locale":"it_IT","og_type":"article","og_title":"Contatto - KAORA","og_description":"Come Kaora, abbiamo anni di esperienza nei servizi di telecomunicazione, cloud, networking e cybersecurity.","og_url":"https:\/\/www.kaora.cz\/it\/contatto\/","og_site_name":"Kaora","article_modified_time":"2024-03-17T19:07:14+00:00","twitter_card":"summary_large_image","twitter_misc":{"Tempo di lettura stimato":"9 minuti"},"schema":{"@context":"https:\/\/schema.org","@graph":[{"@type":"WebPage","@id":"https:\/\/www.kaora.cz\/it\/contatto\/","url":"https:\/\/www.kaora.cz\/it\/contatto\/","name":"Contatto - KAORA","isPartOf":{"@id":"https:\/\/www.kaora.cz\/#website"},"datePublished":"2024-01-24T08:37:15+00:00","dateModified":"2024-03-17T19:07:14+00:00","description":"Come Kaora, abbiamo anni di esperienza nei servizi di telecomunicazione, cloud, networking e cybersecurity.","breadcrumb":{"@id":"https:\/\/www.kaora.cz\/it\/contatto\/#breadcrumb"},"inLanguage":"it-IT","potentialAction":[{"@type":"ReadAction","target":["https:\/\/www.kaora.cz\/it\/contatto\/"]}]},{"@type":"BreadcrumbList","@id":"https:\/\/www.kaora.cz\/it\/contatto\/#breadcrumb","itemListElement":[{"@type":"ListItem","position":1,"name":"Dom\u016f","item":"https:\/\/www.kaora.cz\/"},{"@type":"ListItem","position":2,"name":"Contatto"}]},{"@type":"WebSite","@id":"https:\/\/www.kaora.cz\/#website","url":"https:\/\/www.kaora.cz\/","name":"Kaora","description":"Komplexn\u00ed telekomunika\u010dn\u00ed slu\u017eby","publisher":{"@id":"https:\/\/www.kaora.cz\/#organization"},"potentialAction":[{"@type":"SearchAction","target":{"@type":"EntryPoint","urlTemplate":"https:\/\/www.kaora.cz\/?s={search_term_string}"},"query-input":{"@type":"PropertyValueSpecification","valueRequired":true,"valueName":"search_term_string"}}],"inLanguage":"it-IT"},{"@type":"Organization","@id":"https:\/\/www.kaora.cz\/#organization","name":"Kaora s.r.o.","url":"https:\/\/www.kaora.cz\/","logo":{"@type":"ImageObject","inLanguage":"it-IT","@id":"https:\/\/www.kaora.cz\/#\/schema\/logo\/image\/","url":"https:\/\/www.kaora.cz\/wp-content\/uploads\/2023\/12\/kaora-logo-bila.svg","contentUrl":"https:\/\/www.kaora.cz\/wp-content\/uploads\/2023\/12\/kaora-logo-bila.svg","width":"1024","height":"1024","caption":"Kaora s.r.o."},"image":{"@id":"https:\/\/www.kaora.cz\/#\/schema\/logo\/image\/"}}]}},"_links":{"self":[{"href":"https:\/\/www.kaora.cz\/it\/wp-json\/wp\/v2\/pages\/1581","targetHints":{"allow":["GET"]}}],"collection":[{"href":"https:\/\/www.kaora.cz\/it\/wp-json\/wp\/v2\/pages"}],"about":[{"href":"https:\/\/www.kaora.cz\/it\/wp-json\/wp\/v2\/types\/page"}],"author":[{"embeddable":true,"href":"https:\/\/www.kaora.cz\/it\/wp-json\/wp\/v2\/users\/1"}],"replies":[{"embeddable":true,"href":"https:\/\/www.kaora.cz\/it\/wp-json\/wp\/v2\/comments?post=1581"}],"version-history":[{"count":0,"href":"https:\/\/www.kaora.cz\/it\/wp-json\/wp\/v2\/pages\/1581\/revisions"}],"wp:attachment":[{"href":"https:\/\/www.kaora.cz\/it\/wp-json\/wp\/v2\/media?parent=1581"}],"curies":[{"name":"wp","href":"https:\/\/api.w.org\/{rel}","templated":true}]}}